{"id":9417,"date":"2025-12-12T02:50:14","date_gmt":"2025-12-12T01:50:14","guid":{"rendered":"https:\/\/www.lotofsolutions.com\/?page_id=9417"},"modified":"2026-01-27T16:07:44","modified_gmt":"2026-01-27T15:07:44","slug":"blog","status":"publish","type":"page","link":"https:\/\/www.lotofsolutions.com\/es\/blog\/","title":{"rendered":"Blog"},"content":{"rendered":"<div data-elementor-type=\"wp-page\" data-elementor-id=\"9417\" class=\"elementor elementor-9417\" data-elementor-post-type=\"page\">\n\t\t\t\t<div class=\"elementor-element elementor-element-3e80fba e-flex e-con-boxed e-con e-parent\" data-id=\"3e80fba\" data-element_type=\"container\" data-e-type=\"container\">\n\t\t\t\t\t<div class=\"e-con-inner\">\n\t\t\t\t<div class=\"elementor-element elementor-element-b2c50e8 elementor-widget__width-initial elementor-widget elementor-widget-heading\" data-id=\"b2c50e8\" data-element_type=\"widget\" data-e-type=\"widget\" data-widget_type=\"heading.default\">\n\t\t\t\t\t<h2 class=\"elementor-heading-title elementor-size-default\">Blog<\/h2>\t\t\t\t<\/div>\n\t\t\t\t\t<\/div>\n\t\t\t\t<\/div>\n\t\t<div class=\"elementor-element elementor-element-e29e15e e-flex e-con-boxed e-con e-parent\" data-id=\"e29e15e\" data-element_type=\"container\" data-e-type=\"container\">\n\t\t\t\t\t<div class=\"e-con-inner\">\n\t\t\t\t<div class=\"elementor-element elementor-element-04d114b elementor-grid-3 elementor-grid-tablet-2 elementor-grid-mobile-1 elementor-posts--thumbnail-top elementor-posts--show-avatar elementor-card-shadow-yes elementor-posts__hover-gradient elementor-widget elementor-widget-posts\" data-id=\"04d114b\" data-element_type=\"widget\" data-e-type=\"widget\" data-settings=\"{&quot;cards_columns&quot;:&quot;3&quot;,&quot;cards_columns_tablet&quot;:&quot;2&quot;,&quot;cards_columns_mobile&quot;:&quot;1&quot;,&quot;cards_row_gap&quot;:{&quot;unit&quot;:&quot;px&quot;,&quot;size&quot;:35,&quot;sizes&quot;:[]},&quot;cards_row_gap_tablet&quot;:{&quot;unit&quot;:&quot;px&quot;,&quot;size&quot;:&quot;&quot;,&quot;sizes&quot;:[]},&quot;cards_row_gap_mobile&quot;:{&quot;unit&quot;:&quot;px&quot;,&quot;size&quot;:&quot;&quot;,&quot;sizes&quot;:[]}}\" data-widget_type=\"posts.cards\">\n\t\t\t\t<div class=\"elementor-widget-container\">\n\t\t\t\t\t\t\t<div class=\"elementor-posts-container elementor-posts elementor-posts--skin-cards elementor-grid\" role=\"list\">\n\t\t\t\t<article class=\"elementor-post elementor-grid-item post-7476 post type-post status-publish format-standard has-post-thumbnail hentry category-uncategorized\" role=\"listitem\">\n\t\t\t<div class=\"elementor-post__card\">\n\t\t\t\t<div class=\"elementor-post__text\">\n\t\t\t\t<h3 class=\"elementor-post__title\">\n\t\t\t<a href=\"https:\/\/www.lotofsolutions.com\/es\/how-to-get-more-customers-for-my-business\/\" >\n\t\t\t\tC\u00f3mo conseguir m\u00e1s clientes para mi negocio: T\u00e1cticas probadas\t\t\t<\/a>\n\t\t<\/h3>\n\t\t\t\t<div class=\"elementor-post__excerpt\">\n\t\t\t<p>Dominar la mentalidad de captaci\u00f3n de clientes La captaci\u00f3n de nuevos clientes es esencial para el crecimiento empresarial. Sin embargo, es fundamental adoptar un enfoque estrat\u00e9gico. No se trata de perseguir a todos y cada uno de los clientes potenciales, sino de encontrar el equilibrio adecuado entre la captaci\u00f3n de nuevos clientes y la fidelizaci\u00f3n de los ya existentes. Este equilibrio es la base del crecimiento sostenible. Piense en<\/p>\n\t\t<\/div>\n\t\t\n\t\t<a class=\"elementor-post__read-more\" href=\"https:\/\/www.lotofsolutions.com\/es\/how-to-get-more-customers-for-my-business\/\" aria-label=\"M\u00e1s informaci\u00f3n sobre How to Get More Customers for My Business: Proven Tactics\" tabindex=\"-1\" >\n\t\t\tLeer M\u00e1s \u00bb\t\t<\/a>\n\n\t\t\t\t<\/div>\n\t\t\t\t<div class=\"elementor-post__meta-data\">\n\t\t\t\t\t<span class=\"elementor-post-date\">\n\t\t\t13 de octubre de 2025\t\t<\/span>\n\t\t\t\t<span class=\"elementor-post-avatar\">\n\t\t\tNo hay comentarios\t\t<\/span>\n\t\t\t\t<\/div>\n\t\t\t\t\t<\/div>\n\t\t<\/article>\n\t\t\t\t<article class=\"elementor-post elementor-grid-item post-7347 post type-post status-publish format-standard has-post-thumbnail hentry category-strategy\" role=\"listitem\">\n\t\t\t<div class=\"elementor-post__card\">\n\t\t\t\t<div class=\"elementor-post__text\">\n\t\t\t\t<h3 class=\"elementor-post__title\">\n\t\t\t<a href=\"https:\/\/www.lotofsolutions.com\/es\/startup-marketing-strategies\/\" >\n\t\t\t\t10 estrategias de marketing para impulsar el crecimiento\t\t\t<\/a>\n\t\t<\/h3>\n\t\t\t\t<div class=\"elementor-post__excerpt\">\n\t\t\t<p>\u00bfListo para encender tu startup? En el mundo ferozmente competitivo de las startups, el marketing es esencial para el crecimiento. No es s\u00f3lo un complemento, es la fuerza motriz. Desde los primeros d\u00edas de t\u00e1cticas de marketing improvisadas hasta las complejas estrategias digitales de hoy en d\u00eda, conectar con su p\u00fablico objetivo es clave para la supervivencia y el \u00e9xito a largo plazo.<\/p>\n\t\t<\/div>\n\t\t\n\t\t<a class=\"elementor-post__read-more\" href=\"https:\/\/www.lotofsolutions.com\/es\/startup-marketing-strategies\/\" aria-label=\"M\u00e1s informaci\u00f3n sobre 10 Startup Marketing Strategies to Drive Growth\" tabindex=\"-1\" >\n\t\t\tLeer M\u00e1s \u00bb\t\t<\/a>\n\n\t\t\t\t<\/div>\n\t\t\t\t<div class=\"elementor-post__meta-data\">\n\t\t\t\t\t<span class=\"elementor-post-date\">\n\t\t\t16 de abril de 2025\t\t<\/span>\n\t\t\t\t<span class=\"elementor-post-avatar\">\n\t\t\tNo hay comentarios\t\t<\/span>\n\t\t\t\t<\/div>\n\t\t\t\t\t<\/div>\n\t\t<\/article>\n\t\t\t\t<article class=\"elementor-post elementor-grid-item post-7350 post type-post status-publish format-standard has-post-thumbnail hentry category-content-marketing\" role=\"listitem\">\n\t\t\t<div class=\"elementor-post__card\">\n\t\t\t\t<div class=\"elementor-post__text\">\n\t\t\t\t<h3 class=\"elementor-post__title\">\n\t\t\t<a href=\"https:\/\/www.lotofsolutions.com\/es\/content-marketing-for-startups\/\" >\n\t\t\t\tMarketing de contenidos para startups: T\u00e1cticas de crecimiento probadas\t\t\t<\/a>\n\t\t<\/h3>\n\t\t\t\t<div class=\"elementor-post__excerpt\">\n\t\t\t<p>Por qu\u00e9 el marketing de contenidos transforma el crecimiento de las startups Para las startups con pocos recursos, maximizar cada d\u00f3lar es crucial. Por eso, el marketing de contenidos es una estrategia especialmente atractiva. A diferencia del marketing tradicional, que puede exigir una importante inversi\u00f3n inicial, el marketing de contenidos ofrece una v\u00eda rentable para conectar con los clientes potenciales. Este enfoque permite a las nuevas empresas cultivar la conciencia de marca,<\/p>\n\t\t<\/div>\n\t\t\n\t\t<a class=\"elementor-post__read-more\" href=\"https:\/\/www.lotofsolutions.com\/es\/content-marketing-for-startups\/\" aria-label=\"M\u00e1s informaci\u00f3n sobre Content Marketing for Startups: Proven Growth Tactics\" tabindex=\"-1\" >\n\t\t\tLeer M\u00e1s \u00bb\t\t<\/a>\n\n\t\t\t\t<\/div>\n\t\t\t\t<div class=\"elementor-post__meta-data\">\n\t\t\t\t\t<span class=\"elementor-post-date\">\n\t\t\t16 de abril de 2025\t\t<\/span>\n\t\t\t\t<span class=\"elementor-post-avatar\">\n\t\t\tNo hay comentarios\t\t<\/span>\n\t\t\t\t<\/div>\n\t\t\t\t\t<\/div>\n\t\t<\/article>\n\t\t\t\t<article class=\"elementor-post elementor-grid-item post-7353 post type-post status-publish format-standard has-post-thumbnail hentry category-strategy\" role=\"listitem\">\n\t\t\t<div class=\"elementor-post__card\">\n\t\t\t\t<div class=\"elementor-post__text\">\n\t\t\t\t<h3 class=\"elementor-post__title\">\n\t\t\t<a href=\"https:\/\/www.lotofsolutions.com\/es\/saas-marketing-strategies\/\" >\n\t\t\t\tLas mejores estrategias de marketing SaaS para crecer en 2025\t\t\t<\/a>\n\t\t<\/h3>\n\t\t\t\t<div class=\"elementor-post__excerpt\">\n\t\t\t<p>Impulsar el \u00e9xito de su SaaS: Estrategias para 2025 y m\u00e1s all\u00e1 El panorama del SaaS es din\u00e1mico y competitivo. No hace mucho, los m\u00e9todos tradicionales como las llamadas en fr\u00edo y los anuncios impresos eran la pr\u00e1ctica habitual. Ahora, las herramientas digitales han cambiado la forma en que las empresas de SaaS conectan con su p\u00fablico, lo que requiere un enfoque m\u00e1s reflexivo. Comprender la eficacia del SaaS<\/p>\n\t\t<\/div>\n\t\t\n\t\t<a class=\"elementor-post__read-more\" href=\"https:\/\/www.lotofsolutions.com\/es\/saas-marketing-strategies\/\" aria-label=\"M\u00e1s informaci\u00f3n sobre Top SaaS Marketing Strategies for 2025 Growth\" tabindex=\"-1\" >\n\t\t\tLeer M\u00e1s \u00bb\t\t<\/a>\n\n\t\t\t\t<\/div>\n\t\t\t\t<div class=\"elementor-post__meta-data\">\n\t\t\t\t\t<span class=\"elementor-post-date\">\n\t\t\t16 de abril de 2025\t\t<\/span>\n\t\t\t\t<span class=\"elementor-post-avatar\">\n\t\t\tNo hay comentarios\t\t<\/span>\n\t\t\t\t<\/div>\n\t\t\t\t\t<\/div>\n\t\t<\/article>\n\t\t\t\t<article class=\"elementor-post elementor-grid-item post-7361 post type-post status-publish format-standard has-post-thumbnail hentry category-strategy\" role=\"listitem\">\n\t\t\t<div class=\"elementor-post__card\">\n\t\t\t\t<div class=\"elementor-post__text\">\n\t\t\t\t<h3 class=\"elementor-post__title\">\n\t\t\t<a href=\"https:\/\/www.lotofsolutions.com\/es\/b-2-b-lead-generation-strategies\/\" >\n\t\t\t\t8 estrategias de generaci\u00f3n de leads B2B para ganar en 2025\t\t\t<\/a>\n\t\t<\/h3>\n\t\t\t\t<div class=\"elementor-post__excerpt\">\n\t\t\t<p>\u00bfListo para potenciar su canal de ventas? Para las startups y scaleups, especialmente aquellas en fase de crecimiento con financiaci\u00f3n asegurada, es esencial contar con un canal de ventas s\u00f3lido. Construir este pipeline con leads cualificados no consiste en aplicar estrategias al azar y esperar lo mejor. Exige un profundo conocimiento del B2B moderno.<\/p>\n\t\t<\/div>\n\t\t\n\t\t<a class=\"elementor-post__read-more\" href=\"https:\/\/www.lotofsolutions.com\/es\/b-2-b-lead-generation-strategies\/\" aria-label=\"M\u00e1s informaci\u00f3n sobre 8 B2B Lead Generation Strategies to Win in 2025\" tabindex=\"-1\" >\n\t\t\tLeer M\u00e1s \u00bb\t\t<\/a>\n\n\t\t\t\t<\/div>\n\t\t\t\t<div class=\"elementor-post__meta-data\">\n\t\t\t\t\t<span class=\"elementor-post-date\">\n\t\t\t16 de abril de 2025\t\t<\/span>\n\t\t\t\t<span class=\"elementor-post-avatar\">\n\t\t\tNo hay comentarios\t\t<\/span>\n\t\t\t\t<\/div>\n\t\t\t\t\t<\/div>\n\t\t<\/article>\n\t\t\t\t<article class=\"elementor-post elementor-grid-item post-7364 post type-post status-publish format-standard has-post-thumbnail hentry category-strategy\" role=\"listitem\">\n\t\t\t<div class=\"elementor-post__card\">\n\t\t\t\t<div class=\"elementor-post__text\">\n\t\t\t\t<h3 class=\"elementor-post__title\">\n\t\t\t<a href=\"https:\/\/www.lotofsolutions.com\/es\/marketing-strategy-examples\/\" >\n\t\t\t\tEjemplos de estrategias de marketing: 10 ideas ganadoras\t\t\t<\/a>\n\t\t<\/h3>\n\t\t\t\t<div class=\"elementor-post__excerpt\">\n\t\t\t<p>\u00bfPreparado para renovar su marketing en 2025? El mundo del marketing ha cambiado radicalmente. Desde el auge de las redes sociales y el poder de los motores de b\u00fasqueda hasta los consumidores cada vez m\u00e1s inteligentes, las estrategias ganadoras de ayer pueden no funcionar hoy. Para las empresas de nueva creaci\u00f3n financiadas y las scaleups en fase de crecimiento, comprender los principios b\u00e1sicos del marketing es fundamental.<\/p>\n\t\t<\/div>\n\t\t\n\t\t<a class=\"elementor-post__read-more\" href=\"https:\/\/www.lotofsolutions.com\/es\/marketing-strategy-examples\/\" aria-label=\"M\u00e1s informaci\u00f3n sobre Marketing Strategy Examples: 10 Winning Ideas\" tabindex=\"-1\" >\n\t\t\tLeer M\u00e1s \u00bb\t\t<\/a>\n\n\t\t\t\t<\/div>\n\t\t\t\t<div class=\"elementor-post__meta-data\">\n\t\t\t\t\t<span class=\"elementor-post-date\">\n\t\t\t16 de abril de 2025\t\t<\/span>\n\t\t\t\t<span class=\"elementor-post-avatar\">\n\t\t\tNo hay comentarios\t\t<\/span>\n\t\t\t\t<\/div>\n\t\t\t\t\t<\/div>\n\t\t<\/article>\n\t\t\t\t<\/div>\n\t\t\n\t\t\t\t\t\t<\/div>\n\t\t\t\t<\/div>\n\t\t\t\t\t<\/div>\n\t\t\t\t<\/div>\n\t\t\t\t<\/div>","protected":false},"excerpt":{"rendered":"<p>Blog<\/p>","protected":false},"author":3,"featured_media":0,"parent":0,"menu_order":0,"comment_status":"closed","ping_status":"closed","template":"","meta":{"_acf_changed":false,"footnotes":""},"class_list":["post-9417","page","type-page","status-publish","hentry"],"acf":[],"_links":{"self":[{"href":"https:\/\/www.lotofsolutions.com\/es\/wp-json\/wp\/v2\/pages\/9417","targetHints":{"allow":["GET"]}}],"collection":[{"href":"https:\/\/www.lotofsolutions.com\/es\/wp-json\/wp\/v2\/pages"}],"about":[{"href":"https:\/\/www.lotofsolutions.com\/es\/wp-json\/wp\/v2\/types\/page"}],"author":[{"embeddable":true,"href":"https:\/\/www.lotofsolutions.com\/es\/wp-json\/wp\/v2\/users\/3"}],"replies":[{"embeddable":true,"href":"https:\/\/www.lotofsolutions.com\/es\/wp-json\/wp\/v2\/comments?post=9417"}],"version-history":[{"count":1,"href":"https:\/\/www.lotofsolutions.com\/es\/wp-json\/wp\/v2\/pages\/9417\/revisions"}],"predecessor-version":[{"id":9862,"href":"https:\/\/www.lotofsolutions.com\/es\/wp-json\/wp\/v2\/pages\/9417\/revisions\/9862"}],"wp:attachment":[{"href":"https:\/\/www.lotofsolutions.com\/es\/wp-json\/wp\/v2\/media?parent=9417"}],"curies":[{"name":"wp","href":"https:\/\/api.w.org\/{rel}","templated":true}]}}